{"id":11098,"date":"2026-01-14T10:46:27","date_gmt":"2026-01-14T10:46:27","guid":{"rendered":"https:\/\/realshopit.ro\/index.php\/product\/laptopuri-laptop-hp-omen-16-ah0003nn-cu-procesor-intel-core-u9-275hx-24-core-bj3f7ea\/"},"modified":"2026-01-22T15:27:09","modified_gmt":"2026-01-22T15:27:09","slug":"laptopuri-laptop-hp-omen-16-ah0003nn-cu-procesor-intel-core-u9-275hx-24-core-bj3f7ea","status":"publish","type":"product","link":"http:\/\/realshopit.ro\/index.php\/product\/laptopuri-laptop-hp-omen-16-ah0003nn-cu-procesor-intel-core-u9-275hx-24-core-bj3f7ea\/","title":{"rendered":"Laptop HP OMEN 16-ah0003nn cu procesor Intel Core U9-275HX 24-Core"},"content":{"rendered":"<p>Laptop HP OMEN 16-ah0003nn, 16.0 inch WQXGA (2560&#215;1600) UWVA OLED LBL Narrow Border flat 400 nits, Intel Core U9-275HX 24-Core (2.7GHz, up to 5.4GHz, 36MB), video dedicat NVIDIA GeForce RTX 5090 24GB, RAM 64GB DDR5 5600Mhz (2x32GB), SSD 2TB PCIe Gen4 NVMe, no ODD, DTS:X Ultra, doua difuzoare, HP Audio Boost, HyperX, Webcam True Vision 1080p FHD IR &amp; TNR, LAN 10\/100\/1000, WLAN Intel Wi-Fi 6E AX211 (2&#215;2), Bluetooth 5.3, TPM, Porturi: 2x USB SuperSpeed Type-A 10Gbps (1x Sleep and Charge)\/ 2x USB Type-C 40Gbps (power delivery\/DisplayPort 1.4\/Sleep and Charge)\/ 1x HDMI 2.1\/ 1x RJ-45\/ 1x headphone\/microphone, adaptor 330W, Baterie 6 celule Li-ion polymer 83Wh, Tastatur\u0103 iluminat\u0103 din fundal \u00een RGB cu taste numerice si functie anti-ghosting, Shadow Black, Greutate 2.75 kg, Dimensiuni 35.65 x 26.9 x 2.29 cm, Free DOS, 2yw<\/p>\n","protected":false},"excerpt":{"rendered":"<p>Laptop HP OMEN 16-ah0003nn, 16.0 inch WQXGA (2560&#215;1600) UWVA OLED LBL Narrow Border flat 400 nits, Intel Core U9-275HX 24-Core (2.7GHz, up to 5.4GHz, 36MB), video dedicat NVIDIA GeForce RTX<\/p>\n","protected":false},"featured_media":11099,"comment_status":"open","ping_status":"closed","template":"","meta":{"_acf_changed":false},"product_brand":[],"product_cat":[177],"product_tag":[],"class_list":{"0":"post-11098","1":"product","2":"type-product","3":"status-publish","4":"has-post-thumbnail","6":"product_cat-laptopuri","8":"first","9":"outofstock","10":"sale","11":"taxable","12":"shipping-taxable","13":"purchasable","14":"product-type-simple"},"acf":[],"jetpack_sharing_enabled":true,"_links":{"self":[{"href":"http:\/\/realshopit.ro\/index.php\/wp-json\/wp\/v2\/product\/11098","targetHints":{"allow":["GET"]}}],"collection":[{"href":"http:\/\/realshopit.ro\/index.php\/wp-json\/wp\/v2\/product"}],"about":[{"href":"http:\/\/realshopit.ro\/index.php\/wp-json\/wp\/v2\/types\/product"}],"replies":[{"embeddable":true,"href":"http:\/\/realshopit.ro\/index.php\/wp-json\/wp\/v2\/comments?post=11098"}],"wp:featuredmedia":[{"embeddable":true,"href":"http:\/\/realshopit.ro\/index.php\/wp-json\/wp\/v2\/media\/11099"}],"wp:attachment":[{"href":"http:\/\/realshopit.ro\/index.php\/wp-json\/wp\/v2\/media?parent=11098"}],"wp:term":[{"taxonomy":"product_brand","embeddable":true,"href":"http:\/\/realshopit.ro\/index.php\/wp-json\/wp\/v2\/product_brand?post=11098"},{"taxonomy":"product_cat","embeddable":true,"href":"http:\/\/realshopit.ro\/index.php\/wp-json\/wp\/v2\/product_cat?post=11098"},{"taxonomy":"product_tag","embeddable":true,"href":"http:\/\/realshopit.ro\/index.php\/wp-json\/wp\/v2\/product_tag?post=11098"}],"curies":[{"name":"wp","href":"https:\/\/api.w.org\/{rel}","templated":true}]}}