{"id":11114,"date":"2026-01-14T10:46:42","date_gmt":"2026-01-14T10:46:42","guid":{"rendered":"https:\/\/realshopit.ro\/index.php\/product\/laptopuri-laptop-hp-omen-16-ah0009nn-cu-procesor-intel-core-u7-255hx-20-core-bj3g0ea\/"},"modified":"2026-01-14T10:46:49","modified_gmt":"2026-01-14T10:46:49","slug":"laptopuri-laptop-hp-omen-16-ah0009nn-cu-procesor-intel-core-u7-255hx-20-core-bj3g0ea","status":"publish","type":"product","link":"http:\/\/realshopit.ro\/index.php\/product\/laptopuri-laptop-hp-omen-16-ah0009nn-cu-procesor-intel-core-u7-255hx-20-core-bj3g0ea\/","title":{"rendered":"Laptop HP OMEN 16-ah0009nn cu procesor Intel Core U7-255HX 20-Core"},"content":{"rendered":"<p>Laptop HP OMEN 16-ah0009nn, 16.0 inch WQXGA (2560&#215;1600) UWVA OLED LBL Narrow Border flat 400 nits, Intel Core U7-255HX 20-Core (2.4GHz, up to 5.2GHz, 30MB), video dedicat NVIDIA GeForce RTX 5070 Ti 12GB, RAM 64GB DDR5 5600Mhz (2x32GB), SSD 1TB PCIe Gen4 NVMe, no ODD, DTS:X Ultra, doua difuzoare, HP Audio Boost, HyperX, Webcam True Vision 1080p FHD IR &amp; TNR, LAN 10\/100\/1000, WLAN Intel Wi-Fi 6E AX211 (2&#215;2), Bluetooth 5.3, TPM, Porturi: 2x USB SuperSpeed Type-A 10Gbps (1x Sleep and Charge)\/ 2x USB Type-C 40Gbps (power delivery\/DisplayPort 1.4\/Sleep and Charge)\/ 1x HDMI 2.1\/ 1x RJ-45\/ 1x headphone\/microphone, adaptor 330W, Baterie 6 celule Li-ion polymer 83Wh, Tastatur\u0103 iluminat\u0103 din fundal \u00een RGB cu taste numerice si functie anti-ghosting, Shadow Black, Greutate 2.68 kg, Dimensiuni 35.65 x 26.9 x 2.29 cm, Free DOS, 2yw<\/p>\n","protected":false},"excerpt":{"rendered":"<p>Laptop HP OMEN 16-ah0009nn, 16.0 inch WQXGA (2560&#215;1600) UWVA OLED LBL Narrow Border flat 400 nits, Intel Core U7-255HX 20-Core (2.4GHz, up to 5.2GHz, 30MB), video dedicat NVIDIA GeForce RTX<\/p>\n","protected":false},"featured_media":11115,"comment_status":"open","ping_status":"closed","template":"","meta":{"_acf_changed":false},"product_brand":[],"product_cat":[177],"product_tag":[],"class_list":{"0":"post-11114","1":"product","2":"type-product","3":"status-publish","4":"has-post-thumbnail","6":"product_cat-laptopuri","8":"first","9":"outofstock","10":"taxable","11":"shipping-taxable","12":"purchasable","13":"product-type-simple"},"acf":[],"jetpack_sharing_enabled":true,"_links":{"self":[{"href":"http:\/\/realshopit.ro\/index.php\/wp-json\/wp\/v2\/product\/11114","targetHints":{"allow":["GET"]}}],"collection":[{"href":"http:\/\/realshopit.ro\/index.php\/wp-json\/wp\/v2\/product"}],"about":[{"href":"http:\/\/realshopit.ro\/index.php\/wp-json\/wp\/v2\/types\/product"}],"replies":[{"embeddable":true,"href":"http:\/\/realshopit.ro\/index.php\/wp-json\/wp\/v2\/comments?post=11114"}],"wp:featuredmedia":[{"embeddable":true,"href":"http:\/\/realshopit.ro\/index.php\/wp-json\/wp\/v2\/media\/11115"}],"wp:attachment":[{"href":"http:\/\/realshopit.ro\/index.php\/wp-json\/wp\/v2\/media?parent=11114"}],"wp:term":[{"taxonomy":"product_brand","embeddable":true,"href":"http:\/\/realshopit.ro\/index.php\/wp-json\/wp\/v2\/product_brand?post=11114"},{"taxonomy":"product_cat","embeddable":true,"href":"http:\/\/realshopit.ro\/index.php\/wp-json\/wp\/v2\/product_cat?post=11114"},{"taxonomy":"product_tag","embeddable":true,"href":"http:\/\/realshopit.ro\/index.php\/wp-json\/wp\/v2\/product_tag?post=11114"}],"curies":[{"name":"wp","href":"https:\/\/api.w.org\/{rel}","templated":true}]}}