{"id":13064,"date":"2026-01-15T03:48:30","date_gmt":"2026-01-15T03:48:30","guid":{"rendered":"https:\/\/realshopit.ro\/index.php\/product\/genti-laptop-rucsac-laptop-asus-bp2501-rog-ranger-16-material-exterior-1260d-90xb0920-bbp000\/"},"modified":"2026-04-05T00:45:22","modified_gmt":"2026-04-05T00:45:22","slug":"genti-laptop-rucsac-laptop-asus-bp2501-rog-ranger-16-material-exterior-1260d-90xb0920-bbp000","status":"publish","type":"product","link":"http:\/\/realshopit.ro\/index.php\/product\/genti-laptop-rucsac-laptop-asus-bp2501-rog-ranger-16-material-exterior-1260d-90xb0920-bbp000\/","title":{"rendered":"Rucsac laptop ASUS BP2501 ROG RANGER 16&#034;, material exterior 1260D"},"content":{"rendered":"<p>Rucsac laptop ASUS BP2501 ROG RANGER 16&#8243;, material exterior 1260D poliester cu coating PU, compartiment pentru laptop p\u00e2n\u0103 la 354\u00d7264\u00d730.4 mm, dimensiuni rucsac 440\u00d7310\u00d7170 mm, greutate ~1.14 kg, buzunar superior cu fermoar, compartiment principal cu organizare intern\u0103, buzunare laterale, bretele reglabile cu curea de piept, band\u0103 pentru troler, printing ROG reflectiv, ambalare 1 pc\/bag, 3 pc\/carton, culoare negru.<\/p>\n","protected":false},"excerpt":{"rendered":"<p>Rucsac laptop ASUS BP2501 ROG RANGER 16&#8243;, material exterior 1260D poliester cu coating PU, compartiment pentru laptop p\u00e2n\u0103 la 354\u00d7264\u00d730.4 mm, dimensiuni rucsac 440\u00d7310\u00d7170 mm, greutate ~1.14 kg, buzunar superior<\/p>\n","protected":false},"featured_media":13065,"comment_status":"open","ping_status":"closed","template":"","meta":{"_acf_changed":false},"product_brand":[],"product_cat":[182],"product_tag":[],"class_list":{"0":"post-13064","1":"product","2":"type-product","3":"status-publish","4":"has-post-thumbnail","6":"product_cat-genti-laptop","8":"first","9":"outofstock","10":"taxable","11":"shipping-taxable","12":"purchasable","13":"product-type-simple"},"acf":[],"jetpack_sharing_enabled":true,"_links":{"self":[{"href":"http:\/\/realshopit.ro\/index.php\/wp-json\/wp\/v2\/product\/13064","targetHints":{"allow":["GET"]}}],"collection":[{"href":"http:\/\/realshopit.ro\/index.php\/wp-json\/wp\/v2\/product"}],"about":[{"href":"http:\/\/realshopit.ro\/index.php\/wp-json\/wp\/v2\/types\/product"}],"replies":[{"embeddable":true,"href":"http:\/\/realshopit.ro\/index.php\/wp-json\/wp\/v2\/comments?post=13064"}],"wp:featuredmedia":[{"embeddable":true,"href":"http:\/\/realshopit.ro\/index.php\/wp-json\/wp\/v2\/media\/13065"}],"wp:attachment":[{"href":"http:\/\/realshopit.ro\/index.php\/wp-json\/wp\/v2\/media?parent=13064"}],"wp:term":[{"taxonomy":"product_brand","embeddable":true,"href":"http:\/\/realshopit.ro\/index.php\/wp-json\/wp\/v2\/product_brand?post=13064"},{"taxonomy":"product_cat","embeddable":true,"href":"http:\/\/realshopit.ro\/index.php\/wp-json\/wp\/v2\/product_cat?post=13064"},{"taxonomy":"product_tag","embeddable":true,"href":"http:\/\/realshopit.ro\/index.php\/wp-json\/wp\/v2\/product_tag?post=13064"}],"curies":[{"name":"wp","href":"https:\/\/api.w.org\/{rel}","templated":true}]}}