{"id":14625,"date":"2026-01-15T14:45:40","date_gmt":"2026-01-15T14:45:40","guid":{"rendered":"https:\/\/realshopit.ro\/index.php\/product\/laptopuri-laptop-asus-proart-p16-h7606wx-se021x-90nb17e1-m00140-amd-ryzen-ai-9-h7606wx-se021x\/"},"modified":"2026-02-09T23:02:29","modified_gmt":"2026-02-09T23:02:29","slug":"laptopuri-laptop-asus-proart-p16-h7606wx-se021x-90nb17e1-m00140-amd-ryzen-ai-9-h7606wx-se021x","status":"publish","type":"product","link":"http:\/\/realshopit.ro\/index.php\/product\/laptopuri-laptop-asus-proart-p16-h7606wx-se021x-90nb17e1-m00140-amd-ryzen-ai-9-h7606wx-se021x\/","title":{"rendered":"Laptop ASUS ProArt P16 H7606WX-SE021X (90NB17E1-M00140), AMD Ryzen\u2122 AI 9"},"content":{"rendered":"<p>Laptop ASUS ProArt P16 H7606WX-SE021X (90NB17E1-M00140), AMD Ryzen\u2122 AI 9 HX 370 Processor 2.0GHz (36MB Cache, p\u00e2n\u0103 la 5.1GHz, 12 cores \/ 24 Threads) + AMD Radeon\u2122 890M Graphics + NVIDIA\u00ae GeForce RTX\u2122 5090 Laptop GPU 24GB GDDR7, AMD XDNA\u2122 NPU p\u00e2n\u0103 la 50TOPS, ecran 16&#8243; 4K (3840\u00d72400) OLED 16:10, 120Hz, 0.2ms, HDR True Black 1000, 100% DCI-P3, 1600 nits peak, anti-reflection, stylus support, memorie 64GB LPDDR5X on board, stocare 4TB SSD (2\u00d7 2TB M.2 NVMe PCIe 4.0), Wi-Fi 7 + Bluetooth 5.4, camer\u0103 FHD IR (Windows Hello), tastatur\u0103 iluminat\u0103 cu Copilot key, touchpad cu DialPad, porturi: USB-C 3.2 Gen2, USB4, 2\u00d7 USB-A 3.2 Gen2, HDMI 2.1 FRL, jack audio 3.5mm, SD Express 7.0, DC-in, baterie 90Wh, adaptor 240W, 1.95 kg, Nano Black, Windows 11 Pro.<\/p>\n","protected":false},"excerpt":{"rendered":"<p>Laptop ASUS ProArt P16 H7606WX-SE021X (90NB17E1-M00140), AMD Ryzen\u2122 AI 9 HX 370 Processor 2.0GHz (36MB Cache, p\u00e2n\u0103 la 5.1GHz, 12 cores \/ 24 Threads) + AMD Radeon\u2122 890M Graphics +<\/p>\n","protected":false},"featured_media":14626,"comment_status":"open","ping_status":"closed","template":"","meta":{"_acf_changed":false},"product_brand":[],"product_cat":[177],"product_tag":[],"class_list":{"0":"post-14625","1":"product","2":"type-product","3":"status-publish","4":"has-post-thumbnail","6":"product_cat-laptopuri","8":"first","9":"outofstock","10":"sale","11":"taxable","12":"shipping-taxable","13":"purchasable","14":"product-type-simple"},"acf":[],"jetpack_sharing_enabled":true,"_links":{"self":[{"href":"http:\/\/realshopit.ro\/index.php\/wp-json\/wp\/v2\/product\/14625","targetHints":{"allow":["GET"]}}],"collection":[{"href":"http:\/\/realshopit.ro\/index.php\/wp-json\/wp\/v2\/product"}],"about":[{"href":"http:\/\/realshopit.ro\/index.php\/wp-json\/wp\/v2\/types\/product"}],"replies":[{"embeddable":true,"href":"http:\/\/realshopit.ro\/index.php\/wp-json\/wp\/v2\/comments?post=14625"}],"wp:featuredmedia":[{"embeddable":true,"href":"http:\/\/realshopit.ro\/index.php\/wp-json\/wp\/v2\/media\/14626"}],"wp:attachment":[{"href":"http:\/\/realshopit.ro\/index.php\/wp-json\/wp\/v2\/media?parent=14625"}],"wp:term":[{"taxonomy":"product_brand","embeddable":true,"href":"http:\/\/realshopit.ro\/index.php\/wp-json\/wp\/v2\/product_brand?post=14625"},{"taxonomy":"product_cat","embeddable":true,"href":"http:\/\/realshopit.ro\/index.php\/wp-json\/wp\/v2\/product_cat?post=14625"},{"taxonomy":"product_tag","embeddable":true,"href":"http:\/\/realshopit.ro\/index.php\/wp-json\/wp\/v2\/product_tag?post=14625"}],"curies":[{"name":"wp","href":"https:\/\/api.w.org\/{rel}","templated":true}]}}