{"id":16130,"date":"2026-01-16T02:47:56","date_gmt":"2026-01-16T02:47:56","guid":{"rendered":"https:\/\/realshopit.ro\/index.php\/product\/smartwatch-uri-ceas-garmin-forerunner-165-black-grey-010-02863-20\/"},"modified":"2026-04-21T21:50:06","modified_gmt":"2026-04-21T21:50:06","slug":"smartwatch-uri-ceas-garmin-forerunner-165-black-grey-010-02863-20","status":"publish","type":"product","link":"http:\/\/realshopit.ro\/index.php\/product\/smartwatch-uri-ceas-garmin-forerunner-165-black-grey-010-02863-20\/","title":{"rendered":"Ceas Garmin Forerunner 165, Black\/Grey"},"content":{"rendered":"<p>Ceas Garmin  Forerunner 165, Black\/Grey, display AMOLED, dimensiune afisaj 30.4 mm, rezolutie afisaj 390&#215;390 pixeli, memorie 8GB, autonomie modul ceas inteligent: p\u00e2n\u0103 la 11 zile, modul de economisire a bateriei ceasului inteligent: p\u00e2n\u0103 la 20 zile, rezistanta la apa pana la 5 ATM, greutate:\u00a039g, Negru\/Slate Grey<\/p>\n","protected":false},"excerpt":{"rendered":"<p>Ceas Garmin Forerunner 165, Black\/Grey, display AMOLED, dimensiune afisaj 30.4 mm, rezolutie afisaj 390&#215;390 pixeli, memorie 8GB, autonomie modul ceas inteligent: p\u00e2n\u0103 la 11 zile, modul de economisire a bateriei<\/p>\n","protected":false},"featured_media":16131,"comment_status":"open","ping_status":"closed","template":"","meta":{"_acf_changed":false},"product_brand":[],"product_cat":[197],"product_tag":[],"class_list":{"0":"post-16130","1":"product","2":"type-product","3":"status-publish","4":"has-post-thumbnail","6":"product_cat-smartwatchuri","8":"first","9":"outofstock","10":"taxable","11":"shipping-taxable","12":"purchasable","13":"product-type-simple"},"acf":[],"jetpack_sharing_enabled":true,"_links":{"self":[{"href":"http:\/\/realshopit.ro\/index.php\/wp-json\/wp\/v2\/product\/16130","targetHints":{"allow":["GET"]}}],"collection":[{"href":"http:\/\/realshopit.ro\/index.php\/wp-json\/wp\/v2\/product"}],"about":[{"href":"http:\/\/realshopit.ro\/index.php\/wp-json\/wp\/v2\/types\/product"}],"replies":[{"embeddable":true,"href":"http:\/\/realshopit.ro\/index.php\/wp-json\/wp\/v2\/comments?post=16130"}],"wp:featuredmedia":[{"embeddable":true,"href":"http:\/\/realshopit.ro\/index.php\/wp-json\/wp\/v2\/media\/16131"}],"wp:attachment":[{"href":"http:\/\/realshopit.ro\/index.php\/wp-json\/wp\/v2\/media?parent=16130"}],"wp:term":[{"taxonomy":"product_brand","embeddable":true,"href":"http:\/\/realshopit.ro\/index.php\/wp-json\/wp\/v2\/product_brand?post=16130"},{"taxonomy":"product_cat","embeddable":true,"href":"http:\/\/realshopit.ro\/index.php\/wp-json\/wp\/v2\/product_cat?post=16130"},{"taxonomy":"product_tag","embeddable":true,"href":"http:\/\/realshopit.ro\/index.php\/wp-json\/wp\/v2\/product_tag?post=16130"}],"curies":[{"name":"wp","href":"https:\/\/api.w.org\/{rel}","templated":true}]}}