{"id":16142,"date":"2026-01-16T02:48:08","date_gmt":"2026-01-16T02:48:08","guid":{"rendered":"https:\/\/realshopit.ro\/index.php\/product\/smartwatch-uri-ceas-garmin-lily-2-metallic-lilac-010-02839-01\/"},"modified":"2026-04-21T21:50:07","modified_gmt":"2026-04-21T21:50:07","slug":"smartwatch-uri-ceas-garmin-lily-2-metallic-lilac-010-02839-01","status":"publish","type":"product","link":"http:\/\/realshopit.ro\/index.php\/product\/smartwatch-uri-ceas-garmin-lily-2-metallic-lilac-010-02839-01\/","title":{"rendered":"Ceas Garmin Lily 2 Metallic Lilac"},"content":{"rendered":"<p>Ceas Garmin Lily 2, display AMOLED, dimensiune afisaj 35.4 mm, rezolutie afisaj 240 x 201 pixeli, memorie 8GB, autonomie pana la 5 zile, rezistanta la apa pana la 5 ATM, greutate:\u00a024,4g, ram\u0103 Metallic Lilac cu carcas\u0103 Light Sand \u015fi curea lila din silicon<\/p>\n","protected":false},"excerpt":{"rendered":"<p>Ceas Garmin Lily 2, display AMOLED, dimensiune afisaj 35.4 mm, rezolutie afisaj 240 x 201 pixeli, memorie 8GB, autonomie pana la 5 zile, rezistanta la apa pana la 5 ATM,<\/p>\n","protected":false},"featured_media":16143,"comment_status":"open","ping_status":"closed","template":"","meta":{"_acf_changed":false},"product_brand":[],"product_cat":[197],"product_tag":[],"class_list":{"0":"post-16142","1":"product","2":"type-product","3":"status-publish","4":"has-post-thumbnail","6":"product_cat-smartwatchuri","8":"first","9":"instock","10":"sale","11":"taxable","12":"shipping-taxable","13":"purchasable","14":"product-type-simple"},"acf":[],"jetpack_sharing_enabled":true,"_links":{"self":[{"href":"http:\/\/realshopit.ro\/index.php\/wp-json\/wp\/v2\/product\/16142","targetHints":{"allow":["GET"]}}],"collection":[{"href":"http:\/\/realshopit.ro\/index.php\/wp-json\/wp\/v2\/product"}],"about":[{"href":"http:\/\/realshopit.ro\/index.php\/wp-json\/wp\/v2\/types\/product"}],"replies":[{"embeddable":true,"href":"http:\/\/realshopit.ro\/index.php\/wp-json\/wp\/v2\/comments?post=16142"}],"wp:featuredmedia":[{"embeddable":true,"href":"http:\/\/realshopit.ro\/index.php\/wp-json\/wp\/v2\/media\/16143"}],"wp:attachment":[{"href":"http:\/\/realshopit.ro\/index.php\/wp-json\/wp\/v2\/media?parent=16142"}],"wp:term":[{"taxonomy":"product_brand","embeddable":true,"href":"http:\/\/realshopit.ro\/index.php\/wp-json\/wp\/v2\/product_brand?post=16142"},{"taxonomy":"product_cat","embeddable":true,"href":"http:\/\/realshopit.ro\/index.php\/wp-json\/wp\/v2\/product_cat?post=16142"},{"taxonomy":"product_tag","embeddable":true,"href":"http:\/\/realshopit.ro\/index.php\/wp-json\/wp\/v2\/product_tag?post=16142"}],"curies":[{"name":"wp","href":"https:\/\/api.w.org\/{rel}","templated":true}]}}