{"id":16192,"date":"2026-01-16T03:45:33","date_gmt":"2026-01-16T03:45:33","guid":{"rendered":"https:\/\/realshopit.ro\/index.php\/product\/smartwatch-uri-ceas-garmin-venu-3s-pink-dawn-soft-gold-010-02785-03\/"},"modified":"2026-04-21T21:50:23","modified_gmt":"2026-04-21T21:50:23","slug":"smartwatch-uri-ceas-garmin-venu-3s-pink-dawn-soft-gold-010-02785-03","status":"publish","type":"product","link":"http:\/\/realshopit.ro\/index.php\/product\/smartwatch-uri-ceas-garmin-venu-3s-pink-dawn-soft-gold-010-02785-03\/","title":{"rendered":"Ceas Garmin Venu 3S Pink Dawn\/Soft Gold"},"content":{"rendered":"<p>Ceas smartwatch Garmin Venu 3S display AMOLED, dimensiune afisaj 30.4 mm, rezolutie afisaj 390 x 390 pixeli, memorie 8GB, autonomie pana la 10 zile, rezistanta la apa pana la 5 ATM, ram\u0103 din o\u0163el inoxidabil Soft Gold cu carcas\u0103 Dust Rose \u015fi curea din silicon,\u00a0greutate:\u00a040g<\/p>\n","protected":false},"excerpt":{"rendered":"<p>Ceas smartwatch Garmin Venu 3S display AMOLED, dimensiune afisaj 30.4 mm, rezolutie afisaj 390 x 390 pixeli, memorie 8GB, autonomie pana la 10 zile, rezistanta la apa pana la 5<\/p>\n","protected":false},"featured_media":16193,"comment_status":"open","ping_status":"closed","template":"","meta":{"_acf_changed":false},"product_brand":[],"product_cat":[197],"product_tag":[],"class_list":{"0":"post-16192","1":"product","2":"type-product","3":"status-publish","4":"has-post-thumbnail","6":"product_cat-smartwatchuri","8":"first","9":"instock","10":"sale","11":"taxable","12":"shipping-taxable","13":"purchasable","14":"product-type-simple"},"acf":[],"jetpack_sharing_enabled":true,"_links":{"self":[{"href":"http:\/\/realshopit.ro\/index.php\/wp-json\/wp\/v2\/product\/16192","targetHints":{"allow":["GET"]}}],"collection":[{"href":"http:\/\/realshopit.ro\/index.php\/wp-json\/wp\/v2\/product"}],"about":[{"href":"http:\/\/realshopit.ro\/index.php\/wp-json\/wp\/v2\/types\/product"}],"replies":[{"embeddable":true,"href":"http:\/\/realshopit.ro\/index.php\/wp-json\/wp\/v2\/comments?post=16192"}],"wp:featuredmedia":[{"embeddable":true,"href":"http:\/\/realshopit.ro\/index.php\/wp-json\/wp\/v2\/media\/16193"}],"wp:attachment":[{"href":"http:\/\/realshopit.ro\/index.php\/wp-json\/wp\/v2\/media?parent=16192"}],"wp:term":[{"taxonomy":"product_brand","embeddable":true,"href":"http:\/\/realshopit.ro\/index.php\/wp-json\/wp\/v2\/product_brand?post=16192"},{"taxonomy":"product_cat","embeddable":true,"href":"http:\/\/realshopit.ro\/index.php\/wp-json\/wp\/v2\/product_cat?post=16192"},{"taxonomy":"product_tag","embeddable":true,"href":"http:\/\/realshopit.ro\/index.php\/wp-json\/wp\/v2\/product_tag?post=16192"}],"curies":[{"name":"wp","href":"https:\/\/api.w.org\/{rel}","templated":true}]}}