{"id":16280,"date":"2026-01-16T03:47:47","date_gmt":"2026-01-16T03:47:47","guid":{"rendered":"https:\/\/realshopit.ro\/index.php\/product\/smartwatch-uri-ceas-smartwatch-garmin-venu-2s-gps-wi-fi-grey-slate-010-02429-10\/"},"modified":"2026-04-21T21:50:36","modified_gmt":"2026-04-21T21:50:36","slug":"smartwatch-uri-ceas-smartwatch-garmin-venu-2s-gps-wi-fi-grey-slate-010-02429-10","status":"publish","type":"product","link":"http:\/\/realshopit.ro\/index.php\/product\/smartwatch-uri-ceas-smartwatch-garmin-venu-2s-gps-wi-fi-grey-slate-010-02429-10\/","title":{"rendered":"Ceas Smartwatch Garmin Venu 2S, GPS Wi-Fi, Grey + Slate"},"content":{"rendered":"<p>Ceas Garmin  Venu 2S, display AMOLED, dimensiune afisaj 27,9 mm, rezolutie afisaj 360 x 360 pixeli, memorie 8GB, autonomie pana la 10 zile, rezistanta la apa pana la 5 ATM, greutate:\u00a038,2 g, ram\u0103 slate din o\u0163el inoxidabil, carcas\u0103 graphite \u015fi br\u0103\u0163ar\u0103 din silicon<\/p>\n","protected":false},"excerpt":{"rendered":"<p>Ceas Garmin Venu 2S, display AMOLED, dimensiune afisaj 27,9 mm, rezolutie afisaj 360 x 360 pixeli, memorie 8GB, autonomie pana la 10 zile, rezistanta la apa pana la 5 ATM,<\/p>\n","protected":false},"featured_media":16281,"comment_status":"open","ping_status":"closed","template":"","meta":{"_acf_changed":false},"product_brand":[],"product_cat":[197],"product_tag":[],"class_list":{"0":"post-16280","1":"product","2":"type-product","3":"status-publish","4":"has-post-thumbnail","6":"product_cat-smartwatchuri","8":"first","9":"outofstock","10":"taxable","11":"shipping-taxable","12":"purchasable","13":"product-type-simple"},"acf":[],"jetpack_sharing_enabled":true,"_links":{"self":[{"href":"http:\/\/realshopit.ro\/index.php\/wp-json\/wp\/v2\/product\/16280","targetHints":{"allow":["GET"]}}],"collection":[{"href":"http:\/\/realshopit.ro\/index.php\/wp-json\/wp\/v2\/product"}],"about":[{"href":"http:\/\/realshopit.ro\/index.php\/wp-json\/wp\/v2\/types\/product"}],"replies":[{"embeddable":true,"href":"http:\/\/realshopit.ro\/index.php\/wp-json\/wp\/v2\/comments?post=16280"}],"wp:featuredmedia":[{"embeddable":true,"href":"http:\/\/realshopit.ro\/index.php\/wp-json\/wp\/v2\/media\/16281"}],"wp:attachment":[{"href":"http:\/\/realshopit.ro\/index.php\/wp-json\/wp\/v2\/media?parent=16280"}],"wp:term":[{"taxonomy":"product_brand","embeddable":true,"href":"http:\/\/realshopit.ro\/index.php\/wp-json\/wp\/v2\/product_brand?post=16280"},{"taxonomy":"product_cat","embeddable":true,"href":"http:\/\/realshopit.ro\/index.php\/wp-json\/wp\/v2\/product_cat?post=16280"},{"taxonomy":"product_tag","embeddable":true,"href":"http:\/\/realshopit.ro\/index.php\/wp-json\/wp\/v2\/product_tag?post=16280"}],"curies":[{"name":"wp","href":"https:\/\/api.w.org\/{rel}","templated":true}]}}