{"id":16286,"date":"2026-01-16T03:47:57","date_gmt":"2026-01-16T03:47:57","guid":{"rendered":"https:\/\/realshopit.ro\/index.php\/product\/smartwatch-uri-ceas-smartwatch-garmin-lily-rosegold-010-02384-11\/"},"modified":"2026-04-21T21:50:37","modified_gmt":"2026-04-21T21:50:37","slug":"smartwatch-uri-ceas-smartwatch-garmin-lily-rosegold-010-02384-11","status":"publish","type":"product","link":"http:\/\/realshopit.ro\/index.php\/product\/smartwatch-uri-ceas-smartwatch-garmin-lily-rosegold-010-02384-11\/","title":{"rendered":"Ceas Smartwatch Garmin Lily, RoseGold"},"content":{"rendered":"<p>Ceas Garmin Lily, display AMOLED, dimensiune afisaj 34.5 mm, rezolutie afisaj 240 x 201 pixeli, memorie 8GB, autonomie pana la 14 zile, rezistanta la apa pana la 5 ATM, greutate:\u00a024g, ram\u0103 Rose Gold cu carcas\u0103 Light Sand \u015fi curea din silicon<\/p>\n","protected":false},"excerpt":{"rendered":"<p>Ceas Garmin Lily, display AMOLED, dimensiune afisaj 34.5 mm, rezolutie afisaj 240 x 201 pixeli, memorie 8GB, autonomie pana la 14 zile, rezistanta la apa pana la 5 ATM, greutate:\u00a024g,<\/p>\n","protected":false},"featured_media":16287,"comment_status":"open","ping_status":"closed","template":"","meta":{"_acf_changed":false},"product_brand":[],"product_cat":[197],"product_tag":[],"class_list":{"0":"post-16286","1":"product","2":"type-product","3":"status-publish","4":"has-post-thumbnail","6":"product_cat-smartwatchuri","8":"first","9":"outofstock","10":"taxable","11":"shipping-taxable","12":"purchasable","13":"product-type-simple"},"acf":[],"jetpack_sharing_enabled":true,"_links":{"self":[{"href":"http:\/\/realshopit.ro\/index.php\/wp-json\/wp\/v2\/product\/16286","targetHints":{"allow":["GET"]}}],"collection":[{"href":"http:\/\/realshopit.ro\/index.php\/wp-json\/wp\/v2\/product"}],"about":[{"href":"http:\/\/realshopit.ro\/index.php\/wp-json\/wp\/v2\/types\/product"}],"replies":[{"embeddable":true,"href":"http:\/\/realshopit.ro\/index.php\/wp-json\/wp\/v2\/comments?post=16286"}],"wp:featuredmedia":[{"embeddable":true,"href":"http:\/\/realshopit.ro\/index.php\/wp-json\/wp\/v2\/media\/16287"}],"wp:attachment":[{"href":"http:\/\/realshopit.ro\/index.php\/wp-json\/wp\/v2\/media?parent=16286"}],"wp:term":[{"taxonomy":"product_brand","embeddable":true,"href":"http:\/\/realshopit.ro\/index.php\/wp-json\/wp\/v2\/product_brand?post=16286"},{"taxonomy":"product_cat","embeddable":true,"href":"http:\/\/realshopit.ro\/index.php\/wp-json\/wp\/v2\/product_cat?post=16286"},{"taxonomy":"product_tag","embeddable":true,"href":"http:\/\/realshopit.ro\/index.php\/wp-json\/wp\/v2\/product_tag?post=16286"}],"curies":[{"name":"wp","href":"https:\/\/api.w.org\/{rel}","templated":true}]}}