{"id":16299,"date":"2026-01-16T03:48:17","date_gmt":"2026-01-16T03:48:17","guid":{"rendered":"https:\/\/realshopit.ro\/index.php\/product\/smartwatch-uri-ceas-smartwatch-garmin-forerunner-45-small-white-010-02156-10\/"},"modified":"2026-01-16T03:48:17","modified_gmt":"2026-01-16T03:48:17","slug":"smartwatch-uri-ceas-smartwatch-garmin-forerunner-45-small-white-010-02156-10","status":"publish","type":"product","link":"http:\/\/realshopit.ro\/index.php\/product\/smartwatch-uri-ceas-smartwatch-garmin-forerunner-45-small-white-010-02156-10\/","title":{"rendered":"Ceas Smartwatch Garmin Forerunner 45, Small, White"},"content":{"rendered":"<p>GPS Runnning Watch Garmin Forerunner 45 Small White, Diametru: 1,04&#8243; (26.3mm), Rezolutie afisaj: 208 x 208 pixeli, Durata de viata a bateriei: Mod ceas inteligent: p\u00e2n\u0103 la 7 zile; mod GPS cu muzic\u0103: p\u00e2n\u0103 la 13 de ore, Rezistenta apa: 5 ATM, Afisaj in culori, GLONASS, Galileo, Monitor cardiac \u2013 Garmin ELEVATE.<\/p>\n","protected":false},"excerpt":{"rendered":"<p>GPS Runnning Watch Garmin Forerunner 45 Small White, Diametru: 1,04&#8243; (26.3mm), Rezolutie afisaj: 208 x 208 pixeli, Durata de viata a bateriei: Mod ceas inteligent: p\u00e2n\u0103 la 7 zile; mod<\/p>\n","protected":false},"featured_media":0,"comment_status":"open","ping_status":"closed","template":"","meta":{"_acf_changed":false},"product_brand":[],"product_cat":[197],"product_tag":[],"class_list":{"0":"post-16299","1":"product","2":"type-product","3":"status-publish","5":"product_cat-smartwatchuri","7":"first","8":"outofstock","9":"taxable","10":"shipping-taxable","11":"purchasable","12":"product-type-simple"},"acf":[],"jetpack_sharing_enabled":true,"_links":{"self":[{"href":"http:\/\/realshopit.ro\/index.php\/wp-json\/wp\/v2\/product\/16299","targetHints":{"allow":["GET"]}}],"collection":[{"href":"http:\/\/realshopit.ro\/index.php\/wp-json\/wp\/v2\/product"}],"about":[{"href":"http:\/\/realshopit.ro\/index.php\/wp-json\/wp\/v2\/types\/product"}],"replies":[{"embeddable":true,"href":"http:\/\/realshopit.ro\/index.php\/wp-json\/wp\/v2\/comments?post=16299"}],"wp:attachment":[{"href":"http:\/\/realshopit.ro\/index.php\/wp-json\/wp\/v2\/media?parent=16299"}],"wp:term":[{"taxonomy":"product_brand","embeddable":true,"href":"http:\/\/realshopit.ro\/index.php\/wp-json\/wp\/v2\/product_brand?post=16299"},{"taxonomy":"product_cat","embeddable":true,"href":"http:\/\/realshopit.ro\/index.php\/wp-json\/wp\/v2\/product_cat?post=16299"},{"taxonomy":"product_tag","embeddable":true,"href":"http:\/\/realshopit.ro\/index.php\/wp-json\/wp\/v2\/product_tag?post=16299"}],"curies":[{"name":"wp","href":"https:\/\/api.w.org\/{rel}","templated":true}]}}