{"id":16877,"date":"2026-01-16T09:47:12","date_gmt":"2026-01-16T09:47:12","guid":{"rendered":"https:\/\/realshopit.ro\/index.php\/product\/docking-stations-asus-triple-display-usb-c-dock-dc300-permite-opt-conexiuni-la-90xb08cn-bds010\/"},"modified":"2026-01-16T09:47:22","modified_gmt":"2026-01-16T09:47:22","slug":"docking-stations-asus-triple-display-usb-c-dock-dc300-permite-opt-conexiuni-la-90xb08cn-bds010","status":"publish","type":"product","link":"http:\/\/realshopit.ro\/index.php\/product\/docking-stations-asus-triple-display-usb-c-dock-dc300-permite-opt-conexiuni-la-90xb08cn-bds010\/","title":{"rendered":"ASUS Triple Display USB-C Dock DC300, Permite opt conexiuni la"},"content":{"rendered":"<p>ASUS Triple Display USB-C Dock DC300, Permite opt conexiuni la periferice \u00een acela\u0219i timp, USB-A \u0219i USB-C accept\u0103 transfer de date de p\u00e2n\u0103 la 10 Gbps, Puterea USB-C de p\u00e2n\u0103 la 90 W<\/p>\n","protected":false},"excerpt":{"rendered":"<p>ASUS Triple Display USB-C Dock DC300, Permite opt conexiuni la periferice \u00een acela\u0219i timp, USB-A \u0219i USB-C accept\u0103 transfer de date de p\u00e2n\u0103 la 10 Gbps, Puterea USB-C de p\u00e2n\u0103<\/p>\n","protected":false},"featured_media":16878,"comment_status":"open","ping_status":"closed","template":"","meta":{"_acf_changed":false},"product_brand":[],"product_cat":[210],"product_tag":[],"class_list":{"0":"post-16877","1":"product","2":"type-product","3":"status-publish","4":"has-post-thumbnail","6":"product_cat-docking-stations","8":"first","9":"outofstock","10":"taxable","11":"shipping-taxable","12":"purchasable","13":"product-type-simple"},"acf":[],"jetpack_sharing_enabled":true,"_links":{"self":[{"href":"http:\/\/realshopit.ro\/index.php\/wp-json\/wp\/v2\/product\/16877","targetHints":{"allow":["GET"]}}],"collection":[{"href":"http:\/\/realshopit.ro\/index.php\/wp-json\/wp\/v2\/product"}],"about":[{"href":"http:\/\/realshopit.ro\/index.php\/wp-json\/wp\/v2\/types\/product"}],"replies":[{"embeddable":true,"href":"http:\/\/realshopit.ro\/index.php\/wp-json\/wp\/v2\/comments?post=16877"}],"wp:featuredmedia":[{"embeddable":true,"href":"http:\/\/realshopit.ro\/index.php\/wp-json\/wp\/v2\/media\/16878"}],"wp:attachment":[{"href":"http:\/\/realshopit.ro\/index.php\/wp-json\/wp\/v2\/media?parent=16877"}],"wp:term":[{"taxonomy":"product_brand","embeddable":true,"href":"http:\/\/realshopit.ro\/index.php\/wp-json\/wp\/v2\/product_brand?post=16877"},{"taxonomy":"product_cat","embeddable":true,"href":"http:\/\/realshopit.ro\/index.php\/wp-json\/wp\/v2\/product_cat?post=16877"},{"taxonomy":"product_tag","embeddable":true,"href":"http:\/\/realshopit.ro\/index.php\/wp-json\/wp\/v2\/product_tag?post=16877"}],"curies":[{"name":"wp","href":"https:\/\/api.w.org\/{rel}","templated":true}]}}