{"id":17275,"date":"2026-01-16T23:03:09","date_gmt":"2026-01-16T23:03:09","guid":{"rendered":"https:\/\/realshopit.ro\/index.php\/product\/laptopuri-asus-expertbook-b3-b3405cca-ly1260-90nx08l1-m01ej0-ecran-14%e2%80%b3-wuxga-1920x1200-b3405cca-ly1260\/"},"modified":"2026-04-28T07:07:06","modified_gmt":"2026-04-28T07:07:06","slug":"laptopuri-laptop-business-asus-expertbook-b3-b3405cca-cu-procesor-intel-core-b3405cca-ly1260","status":"publish","type":"product","link":"http:\/\/realshopit.ro\/index.php\/product\/laptopuri-laptop-business-asus-expertbook-b3-b3405cca-cu-procesor-intel-core-b3405cca-ly1260\/","title":{"rendered":"Laptop Business ASUS ExpertBook B3 B3405CCA, cu procesor Intel Core"},"content":{"rendered":"<p>Laptop Business ASUS ExpertBook B3, ecran 14\u2033 WUXGA (1920\u00d71200) 16:10 LED IPS-level wide-view 60Hz anti-glare, 300 nits, 45% NTSC, procesor Intel Core Ultra 7 155H 1.4GHz (p\u00e2n\u0103 la 4.8GHz, 24MB cache, 16C\/22T) cu Intel AI Boost NPU, grafic\u0103 integrat\u0103 Intel, memorie 32GB DDR5 SO-DIMM (upgradabil max 64GB), stocare 1TB SSD PCIe 4.0 NVMe M.2, camer\u0103 1080p FHD IR Windows Hello cu privacy shutter, Wi-Fi 6 (802.11ax) 2\u00d72 + Bluetooth 5.4, porturi: 2\u00d7USB-A 3.2 Gen1, 2\u00d7USB-C 3.2 Gen2 (DP\/PD), 1\u00d7HDMI 2.1 TMDS, 1\u00d7RJ45, jack audio, microSD, tastatur\u0103 iluminat\u0103, cititor de amprent\u0103, audio Dirac cu Smart Amp, baterie 50Wh 3-cell, adaptor USB-C 65W, 1.49 kg, carcas\u0103 MIL-STD-810H Gentle Grey, f\u0103r\u0103 sistem de operare preinstalat.<\/p>\n","protected":false},"excerpt":{"rendered":"<p>Laptop Business ASUS ExpertBook B3, ecran 14\u2033 WUXGA (1920\u00d71200) 16:10 LED IPS-level wide-view 60Hz anti-glare, 300 nits, 45% NTSC, procesor Intel Core Ultra 7 155H 1.4GHz (p\u00e2n\u0103 la 4.8GHz, 24MB<\/p>\n","protected":false},"featured_media":17276,"comment_status":"open","ping_status":"closed","template":"","meta":{"_acf_changed":false},"product_brand":[],"product_cat":[177],"product_tag":[],"class_list":{"0":"post-17275","1":"product","2":"type-product","3":"status-publish","4":"has-post-thumbnail","6":"product_cat-laptopuri","8":"first","9":"instock","10":"taxable","11":"shipping-taxable","12":"purchasable","13":"product-type-simple"},"acf":[],"jetpack_sharing_enabled":true,"_links":{"self":[{"href":"http:\/\/realshopit.ro\/index.php\/wp-json\/wp\/v2\/product\/17275","targetHints":{"allow":["GET"]}}],"collection":[{"href":"http:\/\/realshopit.ro\/index.php\/wp-json\/wp\/v2\/product"}],"about":[{"href":"http:\/\/realshopit.ro\/index.php\/wp-json\/wp\/v2\/types\/product"}],"replies":[{"embeddable":true,"href":"http:\/\/realshopit.ro\/index.php\/wp-json\/wp\/v2\/comments?post=17275"}],"wp:featuredmedia":[{"embeddable":true,"href":"http:\/\/realshopit.ro\/index.php\/wp-json\/wp\/v2\/media\/17276"}],"wp:attachment":[{"href":"http:\/\/realshopit.ro\/index.php\/wp-json\/wp\/v2\/media?parent=17275"}],"wp:term":[{"taxonomy":"product_brand","embeddable":true,"href":"http:\/\/realshopit.ro\/index.php\/wp-json\/wp\/v2\/product_brand?post=17275"},{"taxonomy":"product_cat","embeddable":true,"href":"http:\/\/realshopit.ro\/index.php\/wp-json\/wp\/v2\/product_cat?post=17275"},{"taxonomy":"product_tag","embeddable":true,"href":"http:\/\/realshopit.ro\/index.php\/wp-json\/wp\/v2\/product_tag?post=17275"}],"curies":[{"name":"wp","href":"https:\/\/api.w.org\/{rel}","templated":true}]}}