{"id":5534,"date":"2026-01-12T22:45:23","date_gmt":"2026-01-12T22:45:23","guid":{"rendered":"https:\/\/realshopit.ro\/index.php\/product\/laptopuri-laptop-gaming-rog-strix-g16-g615lh-intel-core-ultra-7-g615lh-s5045\/"},"modified":"2026-04-10T01:20:30","modified_gmt":"2026-04-10T01:20:30","slug":"laptopuri-laptop-gaming-rog-strix-g16-g615lh-intel-core-ultra-7-g615lh-s5045","status":"publish","type":"product","link":"http:\/\/realshopit.ro\/index.php\/product\/laptopuri-laptop-gaming-rog-strix-g16-g615lh-intel-core-ultra-7-g615lh-s5045\/","title":{"rendered":"Laptop Gaming ROG Strix G16 G615LH, Intel\u00ae Core\u2122 Ultra 7"},"content":{"rendered":"<p>Laptop Gaming ROG Strix G16 G615LH, Intel\u00ae Core\u2122 Ultra 7 255HX + NVIDIA GeForce RTX 5050 8GB GDDR7, Display 16&#8243; 2.5K (2560\u00d71600) 240Hz IPS-level Anti-glare 500 nits 100% DCI-P3 G-Sync Nebula, 16GB DDR5 5600MHz, SSD 512GB PCIe 4.0, Wi-Fi 7 + Bluetooth 5.4, Camer\u0103 FHD 1080p IR Windows Hello, Tastatur\u0103 4-Zone RGB cu Copilot key, Audio Dolby Atmos + Smart Amp, Baterie 90Wh, Porturi: Thunderbolt 4, USB-C Gen2 (DP\/PD\/G-Sync), 3\u00d7 USB-A Gen2, HDMI 2.1, RJ45, Combo Jack, Culoare Eclipse Gray, f\u0103r\u0103 sistem de operare<\/p>\n","protected":false},"excerpt":{"rendered":"<p>Laptop Gaming ROG Strix G16 G615LH, Intel\u00ae Core\u2122 Ultra 7 255HX + NVIDIA GeForce RTX 5050 8GB GDDR7, Display 16&#8243; 2.5K (2560\u00d71600) 240Hz IPS-level Anti-glare 500 nits 100% DCI-P3 G-Sync<\/p>\n","protected":false},"featured_media":5535,"comment_status":"open","ping_status":"closed","template":"","meta":{"_acf_changed":false},"product_brand":[],"product_cat":[177],"product_tag":[],"class_list":{"0":"post-5534","1":"product","2":"type-product","3":"status-publish","4":"has-post-thumbnail","6":"product_cat-laptopuri","8":"first","9":"instock","10":"sale","11":"taxable","12":"shipping-taxable","13":"purchasable","14":"product-type-simple"},"acf":[],"jetpack_sharing_enabled":true,"_links":{"self":[{"href":"http:\/\/realshopit.ro\/index.php\/wp-json\/wp\/v2\/product\/5534","targetHints":{"allow":["GET"]}}],"collection":[{"href":"http:\/\/realshopit.ro\/index.php\/wp-json\/wp\/v2\/product"}],"about":[{"href":"http:\/\/realshopit.ro\/index.php\/wp-json\/wp\/v2\/types\/product"}],"replies":[{"embeddable":true,"href":"http:\/\/realshopit.ro\/index.php\/wp-json\/wp\/v2\/comments?post=5534"}],"wp:featuredmedia":[{"embeddable":true,"href":"http:\/\/realshopit.ro\/index.php\/wp-json\/wp\/v2\/media\/5535"}],"wp:attachment":[{"href":"http:\/\/realshopit.ro\/index.php\/wp-json\/wp\/v2\/media?parent=5534"}],"wp:term":[{"taxonomy":"product_brand","embeddable":true,"href":"http:\/\/realshopit.ro\/index.php\/wp-json\/wp\/v2\/product_brand?post=5534"},{"taxonomy":"product_cat","embeddable":true,"href":"http:\/\/realshopit.ro\/index.php\/wp-json\/wp\/v2\/product_cat?post=5534"},{"taxonomy":"product_tag","embeddable":true,"href":"http:\/\/realshopit.ro\/index.php\/wp-json\/wp\/v2\/product_tag?post=5534"}],"curies":[{"name":"wp","href":"https:\/\/api.w.org\/{rel}","templated":true}]}}