{"id":5585,"date":"2026-01-12T22:46:01","date_gmt":"2026-01-12T22:46:01","guid":{"rendered":"https:\/\/realshopit.ro\/index.php\/product\/laptopuri-laptop-asus-proart-p16-h7606wp-rj149x-90nb15k1-m00bf0-amd-ryzen-ai-9-h7606wp-rj149x\/"},"modified":"2026-02-09T23:02:32","modified_gmt":"2026-02-09T23:02:32","slug":"laptopuri-laptop-asus-proart-p16-h7606wp-rj149x-90nb15k1-m00bf0-amd-ryzen-ai-9-h7606wp-rj149x","status":"publish","type":"product","link":"http:\/\/realshopit.ro\/index.php\/product\/laptopuri-laptop-asus-proart-p16-h7606wp-rj149x-90nb15k1-m00bf0-amd-ryzen-ai-9-h7606wp-rj149x\/","title":{"rendered":"Laptop ASUS ProArt P16 H7606WP-RJ149X (90NB15K1-M00BF0), AMD Ryzen\u2122 AI 9"},"content":{"rendered":"<p>Laptop ASUS ProArt P16 H7606WP-RJ149X (90NB15K1-M00BF0), AMD Ryzen\u2122 AI 9 HX 370 Processor 2.0GHz (36MB Cache, p\u00e2n\u0103 la 5.1GHz, 12 cores \/ 24 Threads) + AMD Radeon\u2122 890M Graphics + NVIDIA\u00ae GeForce RTX\u2122 5070 Laptop GPU 8GB GDDR7, AMD XDNA\u2122 NPU p\u00e2n\u0103 la 50TOPS, ecran 16&#8243; 2.8K (2880\u00d71800) OLED 16:10, 120Hz, 0.2ms, 400 nits (500 nits HDR peak), 100% DCI-P3, VESA HDR True Black 500, PANTONE Validated, stylus support, memorie 64GB LPDDR5X onboard, stocare 1TB SSD M.2 NVMe PCIe 4.0, Wi-Fi 7 + Bluetooth 5.4, camer\u0103 FHD IR (Windows Hello), tastatur\u0103 iluminat\u0103, DialPad, porturi: 1\u00d7 USB-C 3.2 Gen2, 1\u00d7 USB4, 2\u00d7 USB-A 3.2 Gen2, HDMI 2.1 FRL, audio jack, SD Express 7.0, DC-in, baterie 90Wh, adaptor 200W, carcas\u0103 aluminiu, 1.85 kg, Nano Black, Windows 11 Pro.<\/p>\n","protected":false},"excerpt":{"rendered":"<p>Laptop ASUS ProArt P16 H7606WP-RJ149X (90NB15K1-M00BF0), AMD Ryzen\u2122 AI 9 HX 370 Processor 2.0GHz (36MB Cache, p\u00e2n\u0103 la 5.1GHz, 12 cores \/ 24 Threads) + AMD Radeon\u2122 890M Graphics +<\/p>\n","protected":false},"featured_media":5586,"comment_status":"open","ping_status":"closed","template":"","meta":{"_acf_changed":false},"product_brand":[],"product_cat":[177],"product_tag":[],"class_list":{"0":"post-5585","1":"product","2":"type-product","3":"status-publish","4":"has-post-thumbnail","6":"product_cat-laptopuri","8":"first","9":"outofstock","10":"taxable","11":"shipping-taxable","12":"purchasable","13":"product-type-simple"},"acf":[],"jetpack_sharing_enabled":true,"_links":{"self":[{"href":"http:\/\/realshopit.ro\/index.php\/wp-json\/wp\/v2\/product\/5585","targetHints":{"allow":["GET"]}}],"collection":[{"href":"http:\/\/realshopit.ro\/index.php\/wp-json\/wp\/v2\/product"}],"about":[{"href":"http:\/\/realshopit.ro\/index.php\/wp-json\/wp\/v2\/types\/product"}],"replies":[{"embeddable":true,"href":"http:\/\/realshopit.ro\/index.php\/wp-json\/wp\/v2\/comments?post=5585"}],"wp:featuredmedia":[{"embeddable":true,"href":"http:\/\/realshopit.ro\/index.php\/wp-json\/wp\/v2\/media\/5586"}],"wp:attachment":[{"href":"http:\/\/realshopit.ro\/index.php\/wp-json\/wp\/v2\/media?parent=5585"}],"wp:term":[{"taxonomy":"product_brand","embeddable":true,"href":"http:\/\/realshopit.ro\/index.php\/wp-json\/wp\/v2\/product_brand?post=5585"},{"taxonomy":"product_cat","embeddable":true,"href":"http:\/\/realshopit.ro\/index.php\/wp-json\/wp\/v2\/product_cat?post=5585"},{"taxonomy":"product_tag","embeddable":true,"href":"http:\/\/realshopit.ro\/index.php\/wp-json\/wp\/v2\/product_tag?post=5585"}],"curies":[{"name":"wp","href":"https:\/\/api.w.org\/{rel}","templated":true}]}}