{"id":5637,"date":"2026-01-12T22:46:53","date_gmt":"2026-01-12T22:46:53","guid":{"rendered":"https:\/\/realshopit.ro\/index.php\/product\/laptopuri-asus-tuf-gaming-a16-fa608pp-rv070-90nr0md1-m004l0-ecran-16-fhd-fa608pp-rv070\/"},"modified":"2026-04-04T23:50:07","modified_gmt":"2026-04-04T23:50:07","slug":"laptopuri-laptop-gaming-asus-tuf-gaming-a16-fa608-cu-procesor-amd-fa608pp-rv070","status":"publish","type":"product","link":"http:\/\/realshopit.ro\/index.php\/product\/laptopuri-laptop-gaming-asus-tuf-gaming-a16-fa608-cu-procesor-amd-fa608pp-rv070\/","title":{"rendered":"Laptop Gaming ASUS TUF Gaming A16 FA608, cu procesor AMD"},"content":{"rendered":"<p>Laptop Gaming ASUS TUF Gaming A16 FA608PP-RV070 \/ 90NR0MD1-M004L0, ecran 16&#8243; FHD+ (1920\u00d71200) 16:10 IPS-level 165Hz anti-glare, 400 nits, contrast 1000:1, 72% NTSC \/ 100% sRGB \/ 75% Adobe, G-Sync, procesor AMD Ryzen 9 8940HX 2.4GHz (p\u00e2n\u0103 la 5.3GHz, 80MB cache, 16C\/32T), grafic\u0103 NVIDIA GeForce RTX 5070 Laptop GPU 8GB GDDR7 cu MUX Switch + Advanced Optimus, 115W (100W+ 15W), memorie 32GB DDR5-5200 (2\u00d7SO-DIMM, max 64GB), stocare 1TB SSD PCIe 4.0 NVMe M.2 (2 sloturi), LAN 1Gbps, Wi-Fi 6E 2\u00d72 + Bluetooth 5.3, porturi: 1\u00d7RJ45, 2\u00d7USB-C 3.2 Gen2 (DP\/PD\/G-Sync), 3\u00d7USB-A 3.2 Gen2, HDMI 2.1 FRL, jack audio, camer\u0103 1080p FHD IR Windows Hello, microfon array, tastatur\u0103 iluminat\u0103 1-Zon\u0103 RGB cu tast\u0103 Copilot, audio Dolby Atmos, Hi- Res, AI noise-canceling, TPM firmware, baterie 90Wh cu \u00eenc\u0103rcare rapid\u0103 0\u201350% \u00een 30 min, adaptor 280W, dimensiuni 35.4\u00d726.9\u00d71.79\u20132.73 cm, greutate 2.20 kg, culoare Jaeger Gray, f\u0103r\u0103 sistem de operare preinstalat.<\/p>\n","protected":false},"excerpt":{"rendered":"<p>Laptop Gaming ASUS TUF Gaming A16 FA608PP-RV070 \/ 90NR0MD1-M004L0, ecran 16&#8243; FHD+ (1920\u00d71200) 16:10 IPS-level 165Hz anti-glare, 400 nits, contrast 1000:1, 72% NTSC \/ 100% sRGB \/ 75% Adobe, G-Sync,<\/p>\n","protected":false},"featured_media":5638,"comment_status":"open","ping_status":"closed","template":"","meta":{"_acf_changed":false},"product_brand":[],"product_cat":[177],"product_tag":[],"class_list":{"0":"post-5637","1":"product","2":"type-product","3":"status-publish","4":"has-post-thumbnail","6":"product_cat-laptopuri","8":"first","9":"outofstock","10":"taxable","11":"shipping-taxable","12":"purchasable","13":"product-type-simple"},"acf":[],"jetpack_sharing_enabled":true,"_links":{"self":[{"href":"http:\/\/realshopit.ro\/index.php\/wp-json\/wp\/v2\/product\/5637","targetHints":{"allow":["GET"]}}],"collection":[{"href":"http:\/\/realshopit.ro\/index.php\/wp-json\/wp\/v2\/product"}],"about":[{"href":"http:\/\/realshopit.ro\/index.php\/wp-json\/wp\/v2\/types\/product"}],"replies":[{"embeddable":true,"href":"http:\/\/realshopit.ro\/index.php\/wp-json\/wp\/v2\/comments?post=5637"}],"wp:featuredmedia":[{"embeddable":true,"href":"http:\/\/realshopit.ro\/index.php\/wp-json\/wp\/v2\/media\/5638"}],"wp:attachment":[{"href":"http:\/\/realshopit.ro\/index.php\/wp-json\/wp\/v2\/media?parent=5637"}],"wp:term":[{"taxonomy":"product_brand","embeddable":true,"href":"http:\/\/realshopit.ro\/index.php\/wp-json\/wp\/v2\/product_brand?post=5637"},{"taxonomy":"product_cat","embeddable":true,"href":"http:\/\/realshopit.ro\/index.php\/wp-json\/wp\/v2\/product_cat?post=5637"},{"taxonomy":"product_tag","embeddable":true,"href":"http:\/\/realshopit.ro\/index.php\/wp-json\/wp\/v2\/product_tag?post=5637"}],"curies":[{"name":"wp","href":"https:\/\/api.w.org\/{rel}","templated":true}]}}