{"id":5648,"date":"2026-01-12T22:47:07","date_gmt":"2026-01-12T22:47:07","guid":{"rendered":"https:\/\/realshopit.ro\/index.php\/product\/laptopuri-asus-tuf-gaming-a15-fa506ncg-hn272-90nr0jf7-m00mz0-ecran-15-6-fhd-fa506ncg-hn272\/"},"modified":"2026-04-04T23:50:09","modified_gmt":"2026-04-04T23:50:09","slug":"laptopuri-laptop-gaming-asus-tuf-gaming-a15-fa506ncg-cu-procesor-amd-fa506ncg-hn272","status":"publish","type":"product","link":"http:\/\/realshopit.ro\/index.php\/product\/laptopuri-laptop-gaming-asus-tuf-gaming-a15-fa506ncg-cu-procesor-amd-fa506ncg-hn272\/","title":{"rendered":"Laptop Gaming ASUS TUF Gaming A15 FA506NCG, cu procesor AMD"},"content":{"rendered":"<p>Laptop Gaming ASUS TUF Gaming A15 FA506NCG-HN272 \/ 90NR0JF7-M00MZ0, ecran 15.6&#8243; FHD (1920\u00d71080) 16:9 Value IPS-level 144Hz anti-glare, 250 nits, contrast 1000:1, 45% NTSC \/ 62.5% sRGB, Adaptive-Sync, procesor AMD Ryzen 7 7445HS 3.2GHz (p\u00e2n\u0103 la 4.7GHz, 22MB cache, 6C\/12T), grafic\u0103 NVIDIA GeForce RTX 3050 Laptop GPU 4GB GDDR6, p\u00e2n\u0103 la 60W (75W cu Dynamic Boost), memorie 16GB DDR5-5600 (2\u00d7SO-DIMM, max 64GB), stocare 512GB SSD PCIe 4.0 NVMe M.2 (2 sloturi), LAN 1Gbps, Wi-Fi 6 2\u00d72 + Bluetooth 5.3, porturi: 1\u00d7RJ45, 1\u00d7USB-C 3.2 Gen2 (DP), 3\u00d7USB-A 3.2 Gen1, HDMI 2.1 TMDS, jack audio, camer\u0103 720p, microfon array, tastatur\u0103 iluminat\u0103 1-Zon\u0103 RGB, audio DTS, Hi-Res, AI noise-canceling, TPM firmware, Kensington Lock, baterie 48Wh, adaptor 180W, dimensiuni 35.9\u00d725.6\u00d72.28\u20132.45 cm, greutate 2.30 kg, culoare Graphite Black, f\u0103r\u0103 sistem de operare preinstalat.<\/p>\n","protected":false},"excerpt":{"rendered":"<p>Laptop Gaming ASUS TUF Gaming A15 FA506NCG-HN272 \/ 90NR0JF7-M00MZ0, ecran 15.6&#8243; FHD (1920\u00d71080) 16:9 Value IPS-level 144Hz anti-glare, 250 nits, contrast 1000:1, 45% NTSC \/ 62.5% sRGB, Adaptive-Sync, procesor AMD<\/p>\n","protected":false},"featured_media":5649,"comment_status":"open","ping_status":"closed","template":"","meta":{"_acf_changed":false},"product_brand":[],"product_cat":[177],"product_tag":[],"class_list":{"0":"post-5648","1":"product","2":"type-product","3":"status-publish","4":"has-post-thumbnail","6":"product_cat-laptopuri","8":"first","9":"outofstock","10":"taxable","11":"shipping-taxable","12":"purchasable","13":"product-type-simple"},"acf":[],"jetpack_sharing_enabled":true,"_links":{"self":[{"href":"http:\/\/realshopit.ro\/index.php\/wp-json\/wp\/v2\/product\/5648","targetHints":{"allow":["GET"]}}],"collection":[{"href":"http:\/\/realshopit.ro\/index.php\/wp-json\/wp\/v2\/product"}],"about":[{"href":"http:\/\/realshopit.ro\/index.php\/wp-json\/wp\/v2\/types\/product"}],"replies":[{"embeddable":true,"href":"http:\/\/realshopit.ro\/index.php\/wp-json\/wp\/v2\/comments?post=5648"}],"wp:featuredmedia":[{"embeddable":true,"href":"http:\/\/realshopit.ro\/index.php\/wp-json\/wp\/v2\/media\/5649"}],"wp:attachment":[{"href":"http:\/\/realshopit.ro\/index.php\/wp-json\/wp\/v2\/media?parent=5648"}],"wp:term":[{"taxonomy":"product_brand","embeddable":true,"href":"http:\/\/realshopit.ro\/index.php\/wp-json\/wp\/v2\/product_brand?post=5648"},{"taxonomy":"product_cat","embeddable":true,"href":"http:\/\/realshopit.ro\/index.php\/wp-json\/wp\/v2\/product_cat?post=5648"},{"taxonomy":"product_tag","embeddable":true,"href":"http:\/\/realshopit.ro\/index.php\/wp-json\/wp\/v2\/product_tag?post=5648"}],"curies":[{"name":"wp","href":"https:\/\/api.w.org\/{rel}","templated":true}]}}