{"id":5653,"date":"2026-01-12T23:44:09","date_gmt":"2026-01-12T23:44:09","guid":{"rendered":"https:\/\/realshopit.ro\/index.php\/product\/laptopuri-rog-strix-g16-g614fr-s5157x-90nr0nk7-m00a40-windows-11-pro-ecran-g614fr-s5157x\/"},"modified":"2026-01-12T23:44:14","modified_gmt":"2026-01-12T23:44:14","slug":"laptopuri-rog-strix-g16-g614fr-s5157x-90nr0nk7-m00a40-windows-11-pro-ecran-g614fr-s5157x","status":"publish","type":"product","link":"http:\/\/realshopit.ro\/index.php\/product\/laptopuri-rog-strix-g16-g614fr-s5157x-90nr0nk7-m00a40-windows-11-pro-ecran-g614fr-s5157x\/","title":{"rendered":"ROG Strix G16 G614FR-S5157X \/ 90NR0NK7-M00A40, Windows 11 Pro, ecran"},"content":{"rendered":"<p>ROG Strix G16 G614FR-S5157X \/ 90NR0NK7-M00A40, Windows 11 Pro, ecran 16&#8243; 2.5K (2560\u00d71600) 16:10 IPS-level 240Hz anti-glare, 500 nits, contrast 1200:1, 100% DCI-P3, G-Sync, Dolby Vision, Pantone Validated, ROG Nebula Display, procesor AMD Ryzen 9 9955HX3D 2.5GHz (p\u00e2n\u0103 la 5.4GHz, 144MB cache, 16C\/32T), grafic\u0103 NVIDIA GeForce RTX 5070 Ti Laptop GPU 12GB GDDR7 cu MUX Switch + Advanced Optimus, ROG Boost 140W + 25W Dynamic Boost, memorie 32GB DDR5-5600 (2\u00d7SO-DIMM, max 64GB), stocare 1TB SSD PCIe 4.0 NVMe M.2 (2 sloturi), LAN 1Gbps, Wi-Fi 6E 2\u00d72 + Bluetooth 5.3, porturi: 1\u00d7RJ45, 2\u00d7USB4 Type-C (DP\/PD\/G-Sync), 2\u00d7USB-A 3.2 Gen2, HDMI 2.1 FRL, jack audio, camer\u0103 1080p FHD, microfon array, tastatur\u0103 iluminat\u0103 Per-Key RGB cu tast\u0103 Copilot, audio Dolby Atmos, Hi-Res, AI noise-canceling, Smart Amp, TPM firmware, baterie 90Wh cu \u00eenc\u0103rcare rapid\u0103 0\u201350% \u00een 30 min, adaptor 280W, dimensiuni 35.4\u00d726.4\u00d72.26\u20133.04 cm, greutate 2.50 kg, culoare Eclipse Gray.<\/p>\n","protected":false},"excerpt":{"rendered":"<p>ROG Strix G16 G614FR-S5157X \/ 90NR0NK7-M00A40, Windows 11 Pro, ecran 16&#8243; 2.5K (2560\u00d71600) 16:10 IPS-level 240Hz anti-glare, 500 nits, contrast 1200:1, 100% DCI-P3, G-Sync, Dolby Vision, Pantone Validated, ROG Nebula<\/p>\n","protected":false},"featured_media":5654,"comment_status":"open","ping_status":"closed","template":"","meta":{"_acf_changed":false},"product_brand":[],"product_cat":[177],"product_tag":[],"class_list":{"0":"post-5653","1":"product","2":"type-product","3":"status-publish","4":"has-post-thumbnail","6":"product_cat-laptopuri","8":"first","9":"outofstock","10":"taxable","11":"shipping-taxable","12":"purchasable","13":"product-type-simple"},"acf":[],"jetpack_sharing_enabled":true,"_links":{"self":[{"href":"http:\/\/realshopit.ro\/index.php\/wp-json\/wp\/v2\/product\/5653","targetHints":{"allow":["GET"]}}],"collection":[{"href":"http:\/\/realshopit.ro\/index.php\/wp-json\/wp\/v2\/product"}],"about":[{"href":"http:\/\/realshopit.ro\/index.php\/wp-json\/wp\/v2\/types\/product"}],"replies":[{"embeddable":true,"href":"http:\/\/realshopit.ro\/index.php\/wp-json\/wp\/v2\/comments?post=5653"}],"wp:featuredmedia":[{"embeddable":true,"href":"http:\/\/realshopit.ro\/index.php\/wp-json\/wp\/v2\/media\/5654"}],"wp:attachment":[{"href":"http:\/\/realshopit.ro\/index.php\/wp-json\/wp\/v2\/media?parent=5653"}],"wp:term":[{"taxonomy":"product_brand","embeddable":true,"href":"http:\/\/realshopit.ro\/index.php\/wp-json\/wp\/v2\/product_brand?post=5653"},{"taxonomy":"product_cat","embeddable":true,"href":"http:\/\/realshopit.ro\/index.php\/wp-json\/wp\/v2\/product_cat?post=5653"},{"taxonomy":"product_tag","embeddable":true,"href":"http:\/\/realshopit.ro\/index.php\/wp-json\/wp\/v2\/product_tag?post=5653"}],"curies":[{"name":"wp","href":"https:\/\/api.w.org\/{rel}","templated":true}]}}