{"id":5658,"date":"2026-01-12T23:44:14","date_gmt":"2026-01-12T23:44:14","guid":{"rendered":"https:\/\/realshopit.ro\/index.php\/product\/laptopuri-rog-strix-g16-g614pp-rv091-90nr0l67-m004f0-ecran-16-fhd-1920x1200-g614pp-rv091\/"},"modified":"2026-04-05T23:03:46","modified_gmt":"2026-04-05T23:03:46","slug":"laptopuri-laptop-gaming-asus-rog-strix-g16-cu-procesor-amd-ryzen-g614pp-rv091","status":"publish","type":"product","link":"http:\/\/realshopit.ro\/index.php\/product\/laptopuri-laptop-gaming-asus-rog-strix-g16-cu-procesor-amd-ryzen-g614pp-rv091\/","title":{"rendered":"Laptop Gaming ASUS ROG Strix G16, cu procesor AMD Ryzen"},"content":{"rendered":"<p>Laptop Gaming ASUS ROG Strix G16, ecran 16&#8243; FHD+ (1920\u00d71200) 16:10 IPS-level 165Hz anti-glare, 300 nits, contrast 1000:1, 100% sRGB, G-Sync, Dolby Vision, procesor AMD Ryzen 9 8940HX 2.4GHz (p\u00e2n\u0103 la 5.3GHz, 80MB cache, 16C\/32T), grafic\u0103 NVIDIA GeForce RTX 5070 Laptop 8GB GDDR7 cu MUX Switch + Advanced Optimus, ROG Boost 115W + 15W Dynamic Boost, memorie 32GB DDR5-5200 (2\u00d7SO-DIMM, max 64GB), stocare 1TB SSD PCIe 4.0 NVMe M.2 (2 sloturi), LAN 1Gbps, Wi-Fi 6E 2\u00d72 + Bluetooth 5.3, porturi: 1\u00d7RJ45, 2\u00d7USB4 Type-C (DP\/PD\/G-Sync), 2 \u00d7USB-A 3.2 Gen2, HDMI 2.1 FRL, jack audio, camer\u0103 1080p FHD, microfon array, tastatur\u0103 iluminat\u0103 4-Zone RGB cu tast\u0103 Copilot, audio Dolby Atmos, Hi-Res, AI noise-canceling, Smart Amp, TPM firmware, baterie 90Wh cu \u00eenc\u0103rcare rapid\u0103 0\u201350% \u00een 30 min, adaptor 280W, dimensiuni 35.4\u00d726.4\u00d7 2.26\u20133.04 cm, greutate 2.50 kg, culoare Eclipse Gray, f\u0103r\u0103 sistem de operare preinstalat.<\/p>\n","protected":false},"excerpt":{"rendered":"<p>Laptop Gaming ASUS ROG Strix G16, ecran 16&#8243; FHD+ (1920\u00d71200) 16:10 IPS-level 165Hz anti-glare, 300 nits, contrast 1000:1, 100% sRGB, G-Sync, Dolby Vision, procesor AMD Ryzen 9 8940HX 2.4GHz (p\u00e2n\u0103<\/p>\n","protected":false},"featured_media":5659,"comment_status":"open","ping_status":"closed","template":"","meta":{"_acf_changed":false},"product_brand":[],"product_cat":[177],"product_tag":[],"class_list":{"0":"post-5658","1":"product","2":"type-product","3":"status-publish","4":"has-post-thumbnail","6":"product_cat-laptopuri","8":"first","9":"instock","10":"sale","11":"taxable","12":"shipping-taxable","13":"purchasable","14":"product-type-simple"},"acf":[],"jetpack_sharing_enabled":true,"_links":{"self":[{"href":"http:\/\/realshopit.ro\/index.php\/wp-json\/wp\/v2\/product\/5658","targetHints":{"allow":["GET"]}}],"collection":[{"href":"http:\/\/realshopit.ro\/index.php\/wp-json\/wp\/v2\/product"}],"about":[{"href":"http:\/\/realshopit.ro\/index.php\/wp-json\/wp\/v2\/types\/product"}],"replies":[{"embeddable":true,"href":"http:\/\/realshopit.ro\/index.php\/wp-json\/wp\/v2\/comments?post=5658"}],"wp:featuredmedia":[{"embeddable":true,"href":"http:\/\/realshopit.ro\/index.php\/wp-json\/wp\/v2\/media\/5659"}],"wp:attachment":[{"href":"http:\/\/realshopit.ro\/index.php\/wp-json\/wp\/v2\/media?parent=5658"}],"wp:term":[{"taxonomy":"product_brand","embeddable":true,"href":"http:\/\/realshopit.ro\/index.php\/wp-json\/wp\/v2\/product_brand?post=5658"},{"taxonomy":"product_cat","embeddable":true,"href":"http:\/\/realshopit.ro\/index.php\/wp-json\/wp\/v2\/product_cat?post=5658"},{"taxonomy":"product_tag","embeddable":true,"href":"http:\/\/realshopit.ro\/index.php\/wp-json\/wp\/v2\/product_tag?post=5658"}],"curies":[{"name":"wp","href":"https:\/\/api.w.org\/{rel}","templated":true}]}}