{"id":5679,"date":"2026-01-12T23:44:30","date_gmt":"2026-01-12T23:44:30","guid":{"rendered":"https:\/\/realshopit.ro\/index.php\/product\/laptopuri-asus-tuf-gaming-f17-fx707vj-hx029-ecran-17-3-inch-fhd-1920-x-fx707vj-hx029\/"},"modified":"2026-04-04T23:50:13","modified_gmt":"2026-04-04T23:50:13","slug":"laptopuri-laptop-gaming-asus-tuf-gaming-f17-cu-procesor-intel-core-fx707vj-hx029","status":"publish","type":"product","link":"http:\/\/realshopit.ro\/index.php\/product\/laptopuri-laptop-gaming-asus-tuf-gaming-f17-cu-procesor-intel-core-fx707vj-hx029\/","title":{"rendered":"Laptop Gaming ASUS TUF Gaming F17, cu procesor Intel Core"},"content":{"rendered":"<p>Laptop Gaming ASUS TUF Gaming F17 FX707VJ-HX029, ecran 17.3-inch FHD (1920 x 1080) 16:9, panou IPS-level 144Hz anti-glare, luminozitate 300nits, contrast 800:1, NTSC 45%, procesor Intel Core 5 210H 2.2GHz (12MB Cache, p\u00e2n\u0103 la 4.8GHz, 8 nuclee, 12 fire), plac\u0103 grafic\u0103 NVIDIA GeForce RTX 3050 Laptop GPU 6GB GDDR6, MUX Switch + Advanced Optimus, memorie 16GB DDR4-3200 SO- DIMM (suport dual channel, max 64GB), stocare SSD 512GB PCIe 4.0 NVMe M.2, 2 sloturi M.2, re\u021bea LAN 10\/100\/1000 Mbps, Wi-Fi 6 (802.11ax) 2&#215;2 + Bluetooth 5.3, porturi: 1x RJ45 LAN, 1x USB 3.2 Gen2 Type-C (DisplayPort\/power delivery, 10Gbps), 2x USB 3.2 Gen1 Type-A (5Gbps), 1x HDMI 2.1 FRL, camer\u0103 720p HD, microfon integrat, tastatur\u0103 iluminat\u0103 RGB 1-Zon\u0103 cu tast\u0103 Copilot, audio: 2 difuzoare, AI noise-canceling, Dolby Atmos, Hi-Res Audio, securitate TPM firmware, Kensington Lock, BIOS password, baterie 56Wh 4-cell Li-ion, \u00eenc\u0103rcare rapid\u0103 0-50% \u00een 30 min, adaptor 150W, dimensiuni 39.4 x 26.4 x 2.29~2.54 cm, greutate 2.6kg, culoare Mecha Gray, f\u0103r\u0103 sistem de operare preinstalat.<\/p>\n","protected":false},"excerpt":{"rendered":"<p>Laptop Gaming ASUS TUF Gaming F17 FX707VJ-HX029, ecran 17.3-inch FHD (1920 x 1080) 16:9, panou IPS-level 144Hz anti-glare, luminozitate 300nits, contrast 800:1, NTSC 45%, procesor Intel Core 5 210H 2.2GHz<\/p>\n","protected":false},"featured_media":5680,"comment_status":"open","ping_status":"closed","template":"","meta":{"_acf_changed":false},"product_brand":[],"product_cat":[177],"product_tag":[],"class_list":{"0":"post-5679","1":"product","2":"type-product","3":"status-publish","4":"has-post-thumbnail","6":"product_cat-laptopuri","8":"first","9":"outofstock","10":"taxable","11":"shipping-taxable","12":"purchasable","13":"product-type-simple"},"acf":[],"jetpack_sharing_enabled":true,"_links":{"self":[{"href":"http:\/\/realshopit.ro\/index.php\/wp-json\/wp\/v2\/product\/5679","targetHints":{"allow":["GET"]}}],"collection":[{"href":"http:\/\/realshopit.ro\/index.php\/wp-json\/wp\/v2\/product"}],"about":[{"href":"http:\/\/realshopit.ro\/index.php\/wp-json\/wp\/v2\/types\/product"}],"replies":[{"embeddable":true,"href":"http:\/\/realshopit.ro\/index.php\/wp-json\/wp\/v2\/comments?post=5679"}],"wp:featuredmedia":[{"embeddable":true,"href":"http:\/\/realshopit.ro\/index.php\/wp-json\/wp\/v2\/media\/5680"}],"wp:attachment":[{"href":"http:\/\/realshopit.ro\/index.php\/wp-json\/wp\/v2\/media?parent=5679"}],"wp:term":[{"taxonomy":"product_brand","embeddable":true,"href":"http:\/\/realshopit.ro\/index.php\/wp-json\/wp\/v2\/product_brand?post=5679"},{"taxonomy":"product_cat","embeddable":true,"href":"http:\/\/realshopit.ro\/index.php\/wp-json\/wp\/v2\/product_cat?post=5679"},{"taxonomy":"product_tag","embeddable":true,"href":"http:\/\/realshopit.ro\/index.php\/wp-json\/wp\/v2\/product_tag?post=5679"}],"curies":[{"name":"wp","href":"https:\/\/api.w.org\/{rel}","templated":true}]}}