{"id":5693,"date":"2026-01-12T23:44:39","date_gmt":"2026-01-12T23:44:39","guid":{"rendered":"https:\/\/realshopit.ro\/index.php\/product\/laptopuri-laptop-asus-tuf-gaming-a17-2023-fa707nug-hx177-amd-ryzen-7-fa707nug-hx177\/"},"modified":"2026-04-04T23:50:15","modified_gmt":"2026-04-04T23:50:15","slug":"laptopuri-laptop-asus-tuf-gaming-a17-2023-fa707nug-hx177-amd-ryzen-7-fa707nug-hx177","status":"publish","type":"product","link":"http:\/\/realshopit.ro\/index.php\/product\/laptopuri-laptop-asus-tuf-gaming-a17-2023-fa707nug-hx177-amd-ryzen-7-fa707nug-hx177\/","title":{"rendered":"Laptop ASUS TUF Gaming A17 (2023) FA707NUG-HX177, AMD Ryzen 7"},"content":{"rendered":"<p>Laptop Gaming ASUS TUF Gaming A17 FA707NUG-HX177 (90NR0EF5-M00AD0), ecran 17.3\u2033 FHD (1920\u00d71080) 144Hz IPS-level 250 nits 45% NTSC anti-glare cu G-Sync, procesor AMD Ryzen 7 7445HS 3.2GHz (22MB Cache, p\u00e2n\u0103 la 4.7GHz, 6 nuclee 12 fire), plac\u0103 video NVIDIA GeForce RTX 4050 Laptop GPU 6GB GDDR6 (p\u00e2n\u0103 la 140W, MUX Switch + NVIDIA Advanced Optimus), memorie 16GB DDR5-5600 SO-DIMM (2 sloturi, max 64GB), stocare SSD 512GB PCIe 4.0 NVMe M.2 (2 sloturi M.2), re\u021bea LAN 10\/100\/1000 Mbps, Wi-Fi 6 + Bluetooth 5.3, porturi: 1\u00d7 RJ45, 1\u00d7 USB4 Type-C (DP), 1\u00d7 USB-C 3.2 Gen2 (DP\/PD\/G-SYNC), 2\u00d7 USB-A 3.2 Gen1, 1\u00d7 HDMI 2.1 FRL, jack audio 3.5mm, camer\u0103 720p, audio Dolby Atmos cu AI noise-canceling, baterie 56Wh cu \u00eenc\u0103rcare rapid\u0103 0\u201350% \u00een 30 min, 2.60 kg, Mecha Gray, f\u0103r\u0103 sistem de operare<\/p>\n","protected":false},"excerpt":{"rendered":"<p>Laptop Gaming ASUS TUF Gaming A17 FA707NUG-HX177 (90NR0EF5-M00AD0), ecran 17.3\u2033 FHD (1920\u00d71080) 144Hz IPS-level 250 nits 45% NTSC anti-glare cu G-Sync, procesor AMD Ryzen 7 7445HS 3.2GHz (22MB Cache, p\u00e2n\u0103<\/p>\n","protected":false},"featured_media":5694,"comment_status":"open","ping_status":"closed","template":"","meta":{"_acf_changed":false},"product_brand":[],"product_cat":[177],"product_tag":[],"class_list":{"0":"post-5693","1":"product","2":"type-product","3":"status-publish","4":"has-post-thumbnail","6":"product_cat-laptopuri","8":"first","9":"outofstock","10":"taxable","11":"shipping-taxable","12":"purchasable","13":"product-type-simple"},"acf":[],"jetpack_sharing_enabled":true,"_links":{"self":[{"href":"http:\/\/realshopit.ro\/index.php\/wp-json\/wp\/v2\/product\/5693","targetHints":{"allow":["GET"]}}],"collection":[{"href":"http:\/\/realshopit.ro\/index.php\/wp-json\/wp\/v2\/product"}],"about":[{"href":"http:\/\/realshopit.ro\/index.php\/wp-json\/wp\/v2\/types\/product"}],"replies":[{"embeddable":true,"href":"http:\/\/realshopit.ro\/index.php\/wp-json\/wp\/v2\/comments?post=5693"}],"wp:featuredmedia":[{"embeddable":true,"href":"http:\/\/realshopit.ro\/index.php\/wp-json\/wp\/v2\/media\/5694"}],"wp:attachment":[{"href":"http:\/\/realshopit.ro\/index.php\/wp-json\/wp\/v2\/media?parent=5693"}],"wp:term":[{"taxonomy":"product_brand","embeddable":true,"href":"http:\/\/realshopit.ro\/index.php\/wp-json\/wp\/v2\/product_brand?post=5693"},{"taxonomy":"product_cat","embeddable":true,"href":"http:\/\/realshopit.ro\/index.php\/wp-json\/wp\/v2\/product_cat?post=5693"},{"taxonomy":"product_tag","embeddable":true,"href":"http:\/\/realshopit.ro\/index.php\/wp-json\/wp\/v2\/product_tag?post=5693"}],"curies":[{"name":"wp","href":"https:\/\/api.w.org\/{rel}","templated":true}]}}