{"id":678,"date":"2026-01-11T23:03:51","date_gmt":"2026-01-11T23:03:51","guid":{"rendered":"https:\/\/realshopit.ro\/index.php\/product\/alte-accesorii-foto-video-adaptor-montare-insta360-go2-material-plastic-culoare-alb-si-negru-cing2cb-h\/"},"modified":"2026-04-20T23:03:01","modified_gmt":"2026-04-20T23:03:01","slug":"alte-accesorii-foto-video-adaptor-montare-insta360-go2-material-plastic-culoare-alb-si-negru-cing2cb-h","status":"publish","type":"product","link":"http:\/\/realshopit.ro\/index.php\/product\/alte-accesorii-foto-video-adaptor-montare-insta360-go2-material-plastic-culoare-alb-si-negru-cing2cb-h\/","title":{"rendered":"Adaptor montare Insta360 GO2, material: plastic, culoare: alb si negru"},"content":{"rendered":"<p><span style=\"font-family: Arial;font-size: 12px\">Monta\u021bi &icirc;n siguran\u021b\u0103 camera dvs. de ac\u021biune compact\u0103 GO 2 &icirc;ntr-o varietate de loca\u021bii cu acest pachet de adaptoare de montare de la Insta360. Acest pachet include un adaptor standard de montare cu ac\u021biune, o montur\u0103 magnetic\u0103 cu dou\u0103 \u0219uruburi, o montur\u0103 magnetic\u0103 cu \u0219urub, dou\u0103 \u0219uruburi de 1\/4&#8243;-20, o baz\u0103 plat\u0103 cu trei fire, o baz\u0103 curbat\u0103 cu trei fire, doi adezivi 3M<\/span><\/p>\n","protected":false},"excerpt":{"rendered":"<p>Monta\u021bi &icirc;n siguran\u021b\u0103 camera dvs. de ac\u021biune compact\u0103 GO 2 &icirc;ntr-o varietate de loca\u021bii cu acest pachet de adaptoare de montare de la Insta360. Acest pachet include un adaptor standard<\/p>\n","protected":false},"featured_media":679,"comment_status":"open","ping_status":"closed","template":"","meta":{"_acf_changed":false},"product_brand":[],"product_cat":[51],"product_tag":[],"class_list":{"0":"post-678","1":"product","2":"type-product","3":"status-publish","4":"has-post-thumbnail","6":"product_cat-alte-accesorii-foto-video","8":"first","9":"outofstock","10":"taxable","11":"shipping-taxable","12":"purchasable","13":"product-type-simple"},"acf":[],"jetpack_sharing_enabled":true,"_links":{"self":[{"href":"http:\/\/realshopit.ro\/index.php\/wp-json\/wp\/v2\/product\/678","targetHints":{"allow":["GET"]}}],"collection":[{"href":"http:\/\/realshopit.ro\/index.php\/wp-json\/wp\/v2\/product"}],"about":[{"href":"http:\/\/realshopit.ro\/index.php\/wp-json\/wp\/v2\/types\/product"}],"replies":[{"embeddable":true,"href":"http:\/\/realshopit.ro\/index.php\/wp-json\/wp\/v2\/comments?post=678"}],"wp:featuredmedia":[{"embeddable":true,"href":"http:\/\/realshopit.ro\/index.php\/wp-json\/wp\/v2\/media\/679"}],"wp:attachment":[{"href":"http:\/\/realshopit.ro\/index.php\/wp-json\/wp\/v2\/media?parent=678"}],"wp:term":[{"taxonomy":"product_brand","embeddable":true,"href":"http:\/\/realshopit.ro\/index.php\/wp-json\/wp\/v2\/product_brand?post=678"},{"taxonomy":"product_cat","embeddable":true,"href":"http:\/\/realshopit.ro\/index.php\/wp-json\/wp\/v2\/product_cat?post=678"},{"taxonomy":"product_tag","embeddable":true,"href":"http:\/\/realshopit.ro\/index.php\/wp-json\/wp\/v2\/product_tag?post=678"}],"curies":[{"name":"wp","href":"https:\/\/api.w.org\/{rel}","templated":true}]}}