{"id":777,"date":"2026-01-11T23:45:50","date_gmt":"2026-01-11T23:45:50","guid":{"rendered":"https:\/\/realshopit.ro\/index.php\/product\/aparate-foto-mirrorless-aparat-foto-canon-eos-r50-black-kit-obiectiv-rf-s18-45mm-5811c033aa\/"},"modified":"2026-04-20T23:03:37","modified_gmt":"2026-04-20T23:03:37","slug":"aparate-foto-mirrorless-aparat-foto-canon-eos-r50-black-kit-obiectiv-rf-s18-45mm-5811c033aa","status":"publish","type":"product","link":"http:\/\/realshopit.ro\/index.php\/product\/aparate-foto-mirrorless-aparat-foto-canon-eos-r50-black-kit-obiectiv-rf-s18-45mm-5811c033aa\/","title":{"rendered":"Aparat foto Canon Eos R50 BLACK KIT + Obiectiv RF-S18-45mm"},"content":{"rendered":"<p>Aparat foto Canon Eos R50 BLACK KIT + Obiectiv RF-S18-45mm F4.5-6.3 IS STM, mirrorless, 24.2 Megapixeli, Procesor Digic X, Montura RF, Senzor APS-C 22.3 x 14.9mm, Aspect 3:2, Focalizare: Dual Pixel CMOS AF II,  100 % pe orizontal\u0103 \u015fi 100 % pe vertical\u0103 (selectare automat\u0103), 90 % pe orizontal\u0103 \u015fi 100 % pe vertical\u0103 (selectare manual\u0103), Focalizare automata cu urmarire: Oameni (fa\u0163\u0103\/ochi\/cap\/corp), animale (c\u00e2ini, pisici \u015fi p\u0103s\u0103ri) sau vehicule (ma\u015fini de curse sau motociclete), Timp Expunere:  Mecanic: 30-1\/4000 s (trepte de 1\/3 stopuri), Bulb, Electronic: 30-1\/8000 (trepte de 1\/3 stopuri), Bulb, EVF OLED color de 0,39&#8243;, 2.36 Milioane puncte, Touchscreen 2.95&#8243; 1.62M pucte, Blitz incorporat, Tip fisier: RAW, C-RAW, JPEG, HEIF, Filmare: 4K UHD 3840 x 2160, 16:9, ISO: Auto: 100-12800, H: 25600, 100-12800, H: 16000-25600, Greutate: 380 g, Interfata: USB, WI-FI, Bluetooth, HDMI micro, Tip carduri acceptate: SD\/SDHC\/SDXC \u015fi UHS-I, Baterie Li-ion LP-E17 re\u00eenc\u0103rcabil\u0103 (inclus\u0103), Durata: 440 cadre cu LCD, 310 cadre cu vizor.<\/p>\n","protected":false},"excerpt":{"rendered":"<p>Aparat foto Canon Eos R50 BLACK KIT + Obiectiv RF-S18-45mm F4.5-6.3 IS STM, mirrorless, 24.2 Megapixeli, Procesor Digic X, Montura RF, Senzor APS-C 22.3 x 14.9mm, Aspect 3:2, Focalizare: Dual<\/p>\n","protected":false},"featured_media":778,"comment_status":"open","ping_status":"closed","template":"","meta":{"_acf_changed":false},"product_brand":[],"product_cat":[57],"product_tag":[],"class_list":{"0":"post-777","1":"product","2":"type-product","3":"status-publish","4":"has-post-thumbnail","6":"product_cat-aparate-foto-mirrorless","8":"first","9":"outofstock","10":"sale","11":"taxable","12":"shipping-taxable","13":"purchasable","14":"product-type-simple"},"acf":[],"jetpack_sharing_enabled":true,"_links":{"self":[{"href":"http:\/\/realshopit.ro\/index.php\/wp-json\/wp\/v2\/product\/777","targetHints":{"allow":["GET"]}}],"collection":[{"href":"http:\/\/realshopit.ro\/index.php\/wp-json\/wp\/v2\/product"}],"about":[{"href":"http:\/\/realshopit.ro\/index.php\/wp-json\/wp\/v2\/types\/product"}],"replies":[{"embeddable":true,"href":"http:\/\/realshopit.ro\/index.php\/wp-json\/wp\/v2\/comments?post=777"}],"wp:featuredmedia":[{"embeddable":true,"href":"http:\/\/realshopit.ro\/index.php\/wp-json\/wp\/v2\/media\/778"}],"wp:attachment":[{"href":"http:\/\/realshopit.ro\/index.php\/wp-json\/wp\/v2\/media?parent=777"}],"wp:term":[{"taxonomy":"product_brand","embeddable":true,"href":"http:\/\/realshopit.ro\/index.php\/wp-json\/wp\/v2\/product_brand?post=777"},{"taxonomy":"product_cat","embeddable":true,"href":"http:\/\/realshopit.ro\/index.php\/wp-json\/wp\/v2\/product_cat?post=777"},{"taxonomy":"product_tag","embeddable":true,"href":"http:\/\/realshopit.ro\/index.php\/wp-json\/wp\/v2\/product_tag?post=777"}],"curies":[{"name":"wp","href":"https:\/\/api.w.org\/{rel}","templated":true}]}}